{"id":2,"date":"2011-12-12T11:14:02","date_gmt":"2011-12-12T11:14:02","guid":{"rendered":"http:\/\/www.vortex81.ch\/blog\/?page_id=2"},"modified":"2017-01-20T15:21:02","modified_gmt":"2017-01-20T13:21:02","slug":"presentation","status":"publish","type":"page","link":"https:\/\/www.vortex81.ch\/blog\/presentation\/","title":{"rendered":"Pr\u00e9sentation du blog"},"content":{"rendered":"<p>Bonjour et bienvenue sur mon blog.<\/p>\n<p>Je m\u2019appelle Olivier, j&rsquo;habite en Suisse dans le canton du Valais.<\/p>\n<p>Ayant toujours \u00e9t\u00e9 passionn\u00e9 par les ph\u00e9nom\u00e8nes m\u00e9t\u00e9o extr\u00eames, voil\u00e0 plusieurs ann\u00e9es que je r\u00eave de partir aux USA afin de me rendre dans la r\u00e9gion du monde o\u00f9 l&rsquo;on trouve les plus forts orages:<\/p>\n<p><strong>LA TORNADO ALLEY\u00a0<a href=\"http:\/\/www.vortex81.ch\/blog\/wp-content\/uploads\/736px-Tornado_Alley_Diagram_fr_svg.png\"><img loading=\"lazy\" decoding=\"async\" class=\"size-medium wp-image-39 alignright\" title=\"736px-Tornado_Alley_Diagram_fr_svg\" src=\"http:\/\/www.vortex81.ch\/blog\/wp-content\/uploads\/736px-Tornado_Alley_Diagram_fr_svg-300x192.png\" alt=\"\" width=\"300\" height=\"192\" srcset=\"https:\/\/www.vortex81.ch\/blog\/wp-content\/uploads\/736px-Tornado_Alley_Diagram_fr_svg-300x192.png 300w, https:\/\/www.vortex81.ch\/blog\/wp-content\/uploads\/736px-Tornado_Alley_Diagram_fr_svg.png 736w\" sizes=\"auto, (max-width: 300px) 100vw, 300px\" \/><\/a><\/strong><\/p>\n<p>Ce r\u00eave s&rsquo;est maintenant concr\u00e9tis\u00e9 lors de 3 voyages aux USA, en 2012 et 2013 et 2015.<\/p>\n<p>Ce blog \u00e0 donc pour vocation de vous faire partager mes voyages ainsi que mes chasses \u00e0 l&rsquo;orage en Suisse.<\/p>\n<p>Pour toutes infos, questions, remarques ou autres, merci de m&rsquo;envoyer un mail \u00e0 l&rsquo;adresse: vortex81@gmail.com<\/p>\n<p>Olivier<\/p>\n<p>&nbsp;<\/p>\n<p>&nbsp;<\/p>\n<p>&nbsp;<\/p>\n","protected":false},"excerpt":{"rendered":"<p>Bonjour et bienvenue sur mon blog. Je m\u2019appelle Olivier, j&rsquo;habite en Suisse dans le canton du Valais. Ayant toujours \u00e9t\u00e9 passionn\u00e9 par les ph\u00e9nom\u00e8nes m\u00e9t\u00e9o extr\u00eames, voil\u00e0 plusieurs ann\u00e9es que je r\u00eave de partir aux USA afin de me rendre dans la r\u00e9gion du monde o\u00f9 l&rsquo;on trouve les plus forts orages: LA TORNADO ALLEY\u00a0 Ce r\u00eave s&rsquo;est maintenant concr\u00e9tis\u00e9 lors de 3 voyages aux USA, en 2012 et 2013 et 2015. Ce blog \u00e0 donc pour vocation de vous&#8230;<\/p>\n<p class=\"read-more\"><a class=\"btn btn-default\" href=\"https:\/\/www.vortex81.ch\/blog\/presentation\/\">Lire la suite<span class=\"screen-reader-text\"> Lire la suite<\/span><\/a><\/p>\n","protected":false},"author":1,"featured_media":0,"parent":0,"menu_order":0,"comment_status":"open","ping_status":"open","template":"","meta":{"footnotes":""},"class_list":["post-2","page","type-page","status-publish","hentry"],"post_mailing_queue_ids":[],"_links":{"self":[{"href":"https:\/\/www.vortex81.ch\/blog\/wp-json\/wp\/v2\/pages\/2","targetHints":{"allow":["GET"]}}],"collection":[{"href":"https:\/\/www.vortex81.ch\/blog\/wp-json\/wp\/v2\/pages"}],"about":[{"href":"https:\/\/www.vortex81.ch\/blog\/wp-json\/wp\/v2\/types\/page"}],"author":[{"embeddable":true,"href":"https:\/\/www.vortex81.ch\/blog\/wp-json\/wp\/v2\/users\/1"}],"replies":[{"embeddable":true,"href":"https:\/\/www.vortex81.ch\/blog\/wp-json\/wp\/v2\/comments?post=2"}],"version-history":[{"count":35,"href":"https:\/\/www.vortex81.ch\/blog\/wp-json\/wp\/v2\/pages\/2\/revisions"}],"predecessor-version":[{"id":1610,"href":"https:\/\/www.vortex81.ch\/blog\/wp-json\/wp\/v2\/pages\/2\/revisions\/1610"}],"wp:attachment":[{"href":"https:\/\/www.vortex81.ch\/blog\/wp-json\/wp\/v2\/media?parent=2"}],"curies":[{"name":"wp","href":"https:\/\/api.w.org\/{rel}","templated":true}]}}